
{"id":68,"date":"2016-01-14T20:38:25","date_gmt":"2016-01-14T20:38:25","guid":{"rendered":"http:\/\/www.clubdeportivolazubia.es\/?page_id=68"},"modified":"2016-03-15T20:08:20","modified_gmt":"2016-03-15T20:08:20","slug":"ranking","status":"publish","type":"page","link":"https:\/\/clubdeportivolazubia.com\/?page_id=68","title":{"rendered":"Ranking"},"content":{"rendered":"<p>Si tus marcas no aparecen o no est\u00e1n actualizadas nos la pod\u00e9is mandar a trav\u00e9s del \u00a0siguiente formulario indicando los datos que se detallan a continuaci\u00f3n \u00a0y las incluiremos en el Ranking.<\/p>\n<p><span style=\"color: #ff0000;\">PRUEBA, MARCA, CATEGORIA, LUGAR y FECHA<\/span><\/p>\n<p class=\"wpcf7-contact-form-not-found\"><strong>Error:<\/strong> Formulario de contacto no encontrado.<\/p>\n<h2><span style=\"color: #000000;\">Ranking del Club<br \/>\n<\/span><\/h2>\n<p>[table id=9 \/]<\/p>\n","protected":false},"excerpt":{"rendered":"<p>Si tus marcas no aparecen o no est\u00e1n actualizadas nos la pod\u00e9is mandar a trav\u00e9s del \u00a0siguiente formulario indicando los datos que se detallan a continuaci\u00f3n \u00a0y las incluiremos en&hellip; <\/p>\n","protected":false},"author":1,"featured_media":0,"parent":0,"menu_order":0,"comment_status":"closed","ping_status":"closed","template":"","meta":{"footnotes":""},"_links":{"self":[{"href":"https:\/\/clubdeportivolazubia.com\/index.php?rest_route=\/wp\/v2\/pages\/68"}],"collection":[{"href":"https:\/\/clubdeportivolazubia.com\/index.php?rest_route=\/wp\/v2\/pages"}],"about":[{"href":"https:\/\/clubdeportivolazubia.com\/index.php?rest_route=\/wp\/v2\/types\/page"}],"author":[{"embeddable":true,"href":"https:\/\/clubdeportivolazubia.com\/index.php?rest_route=\/wp\/v2\/users\/1"}],"replies":[{"embeddable":true,"href":"https:\/\/clubdeportivolazubia.com\/index.php?rest_route=%2Fwp%2Fv2%2Fcomments&post=68"}],"version-history":[{"count":16,"href":"https:\/\/clubdeportivolazubia.com\/index.php?rest_route=\/wp\/v2\/pages\/68\/revisions"}],"predecessor-version":[{"id":1264,"href":"https:\/\/clubdeportivolazubia.com\/index.php?rest_route=\/wp\/v2\/pages\/68\/revisions\/1264"}],"wp:attachment":[{"href":"https:\/\/clubdeportivolazubia.com\/index.php?rest_route=%2Fwp%2Fv2%2Fmedia&parent=68"}],"curies":[{"name":"wp","href":"https:\/\/api.w.org\/{rel}","templated":true}]}}