
{"id":187,"date":"2016-01-17T17:52:00","date_gmt":"2016-01-17T17:52:00","guid":{"rendered":"http:\/\/www.clubdeportivolazubia.es\/?page_id=187"},"modified":"2016-09-29T16:32:31","modified_gmt":"2016-09-29T16:32:31","slug":"competicion-escalada-deportiva","status":"publish","type":"page","link":"https:\/\/clubdeportivolazubia.com\/?page_id=187","title":{"rendered":"Competicion Escalada Deportiva"},"content":{"rendered":"<h2 style=\"text-align: center;\">COMPETICI\u00d3N DE ESCALADA DEPORTIVA<\/h2>\n<h2 style=\"text-align: center;\">Villa de La Zubia<\/h2>\n<h3 style=\"text-align: center;\">7 de mayo 2016<\/h3>\n<h2 style=\"text-align: center;\"><img decoding=\"async\" loading=\"lazy\" class=\"aligncenter wp-image-709\" src=\"http:\/\/www.clubdeportivolazubia.es\/wp-content\/uploads\/2016\/02\/fotoescalada.jpg\" alt=\"fotoescalada\" width=\"202\" height=\"285\" \/><\/h2>\n<p style=\"text-align: center;\"><a href=\"https:\/\/plus.google.com\/photos\/118020432489536335738\/albums\/6282414535039219249\">FOTOS<\/a><\/p>\n<hr \/>\n<p>&nbsp;<\/p>\n<h2 style=\"text-align: center;\">COMPETICI\u00d3N ESCALADA DEPORTIVA<\/h2>\n<h2 style=\"text-align: center;\">Villa de La Zubia<\/h2>\n<h2 style=\"text-align: center;\">2 mayo 2015<\/h2>\n<h2 style=\"text-align: center;\"><img decoding=\"async\" loading=\"lazy\" class=\"aligncenter wp-image-709\" src=\"http:\/\/www.clubdeportivolazubia.es\/wp-content\/uploads\/2016\/02\/fotoescalada.jpg\" alt=\"fotoescalada\" width=\"202\" height=\"285\" \/><\/h2>\n<p style=\"text-align: center;\"><a href=\"https:\/\/plus.google.com\/photos\/118020432489536335738\/albums\/6144376302346702353\">FOTOS<\/a><\/p>\n<hr \/>\n<h2 style=\"text-align: center;\">COMPETICI\u00d3N ESCALADA DEPORTIVA<\/h2>\n<h2 style=\"text-align: center;\">Villa de La Zubia<\/h2>\n<h2 style=\"text-align: center;\">3 mayo 2014<\/h2>\n<h2 style=\"text-align: center;\"><img decoding=\"async\" loading=\"lazy\" class=\"aligncenter wp-image-709\" src=\"http:\/\/www.clubdeportivolazubia.es\/wp-content\/uploads\/2016\/02\/fotoescalada.jpg\" alt=\"fotoescalada\" width=\"202\" height=\"285\" \/><\/h2>\n<p style=\"text-align: center;\"><a href=\"https:\/\/clubdeportivolazubia.com\/Fotos%20portada%20pagina\/Fotos%20portada%202014\/RESULTADOS_COMPETICION_ESCALADA_2014.pdf\">RESULTADOS<\/a>\u00a0\u00a0 <a href=\"https:\/\/plus.google.com\/photos\/118020432489536335738\/albums\/6009264165860650193\">FOTOS<\/a><\/p>\n<hr \/>\n<h2 style=\"text-align: center;\">COMPETICI\u00d3N ESCALADA DEPORTIVA<\/h2>\n<h2 style=\"text-align: center;\">Villa de La Zubia<\/h2>\n<h2 style=\"text-align: center;\">4 mayo 2013<\/h2>\n<h2 style=\"text-align: center;\"><img decoding=\"async\" loading=\"lazy\" class=\"aligncenter wp-image-709\" src=\"http:\/\/www.clubdeportivolazubia.es\/wp-content\/uploads\/2016\/02\/fotoescalada.jpg\" alt=\"fotoescalada\" width=\"202\" height=\"285\" \/><\/h2>\n<p style=\"text-align: center;\"><a href=\"https:\/\/clubdeportivolazubia.com\/Fotos%20portada%20pagina\/Fotos%20portadas%202013\/Resultados_Escalada_2013_La_Zubia.pdf\">RESULTADOS<\/a>\u00a0\u00a0\u00a0 <a href=\"https:\/\/plus.google.com\/photos\/118020432489536335738\/albums\/5874524649291860785?partnerid=gplp0\">FOTOS<\/a><\/p>\n<hr \/>\n<h2 style=\"text-align: center;\">COMPETICI\u00d3N ESCALADA DEPORTIVA<\/h2>\n<h2 style=\"text-align: center;\">Villa de La Zubia<\/h2>\n<h2 style=\"text-align: center;\">31 marzo 2012<\/h2>\n<h2 style=\"text-align: center;\"><img decoding=\"async\" loading=\"lazy\" class=\"aligncenter wp-image-709\" src=\"http:\/\/www.clubdeportivolazubia.es\/wp-content\/uploads\/2016\/02\/fotoescalada.jpg\" alt=\"fotoescalada\" width=\"202\" height=\"285\" \/><\/h2>\n<p style=\"text-align: center;\"><a href=\"https:\/\/clubdeportivolazubia.com\/Resultados%20competiciones\/Escalada\/Resultados_competicion_escalada_La_Zubia_2012.pdf\">RESULTADOS<\/a>\u00a0\u00a0 <a href=\"https:\/\/picasaweb.google.com\/114622292047188660986\/CompetcionEscaladaVillaDeLaZubia2012?authuser=0&amp;authkey=Gv1sRgCIyWyfi6v8uZbQ&amp;feat=directlink\">FOTOS<\/a><\/p>\n<hr \/>\n<h2 style=\"text-align: center;\">COMPETICI\u00d3N ESCALADA DEPORTIVA<\/h2>\n<h2 style=\"text-align: center;\">Villa de La Zubia<\/h2>\n<h2 style=\"text-align: center;\">4 diciembre 2010<\/h2>\n<h2 style=\"text-align: center;\"><img decoding=\"async\" loading=\"lazy\" class=\"aligncenter wp-image-709\" src=\"http:\/\/www.clubdeportivolazubia.es\/wp-content\/uploads\/2016\/02\/fotoescalada.jpg\" alt=\"fotoescalada\" width=\"202\" height=\"285\" \/><\/h2>\n<p>&nbsp;<\/p>\n<p style=\"text-align: center;\"><a href=\"http:\/\/picasaweb.google.com\/106722820431636947435\/EscaladaLaZubia2010?authkey=Gv1sRgCI_NsJzApouWjQE&amp;feat=directlink\">FOTOS<\/a><\/p>\n<hr \/>\n","protected":false},"excerpt":{"rendered":"<p>COMPETICI\u00d3N DE ESCALADA DEPORTIVA Villa de La Zubia 7 de mayo 2016 FOTOS &nbsp; COMPETICI\u00d3N ESCALADA DEPORTIVA Villa de La Zubia 2 mayo 2015 FOTOS COMPETICI\u00d3N ESCALADA DEPORTIVA Villa de&hellip; <\/p>\n","protected":false},"author":1,"featured_media":0,"parent":0,"menu_order":0,"comment_status":"closed","ping_status":"closed","template":"","meta":{"footnotes":""},"_links":{"self":[{"href":"https:\/\/clubdeportivolazubia.com\/index.php?rest_route=\/wp\/v2\/pages\/187"}],"collection":[{"href":"https:\/\/clubdeportivolazubia.com\/index.php?rest_route=\/wp\/v2\/pages"}],"about":[{"href":"https:\/\/clubdeportivolazubia.com\/index.php?rest_route=\/wp\/v2\/types\/page"}],"author":[{"embeddable":true,"href":"https:\/\/clubdeportivolazubia.com\/index.php?rest_route=\/wp\/v2\/users\/1"}],"replies":[{"embeddable":true,"href":"https:\/\/clubdeportivolazubia.com\/index.php?rest_route=%2Fwp%2Fv2%2Fcomments&post=187"}],"version-history":[{"count":11,"href":"https:\/\/clubdeportivolazubia.com\/index.php?rest_route=\/wp\/v2\/pages\/187\/revisions"}],"predecessor-version":[{"id":1719,"href":"https:\/\/clubdeportivolazubia.com\/index.php?rest_route=\/wp\/v2\/pages\/187\/revisions\/1719"}],"wp:attachment":[{"href":"https:\/\/clubdeportivolazubia.com\/index.php?rest_route=%2Fwp%2Fv2%2Fmedia&parent=187"}],"curies":[{"name":"wp","href":"https:\/\/api.w.org\/{rel}","templated":true}]}}