
{"id":185,"date":"2016-01-17T17:51:17","date_gmt":"2016-01-17T17:51:17","guid":{"rendered":"http:\/\/www.clubdeportivolazubia.es\/?page_id=185"},"modified":"2023-09-07T14:45:14","modified_gmt":"2023-09-07T14:45:14","slug":"milla-urbana-de-otono-la-zubia","status":"publish","type":"page","link":"https:\/\/clubdeportivolazubia.com\/?page_id=185","title":{"rendered":"Carrera Urbana de Oto\u00f1o La Zubia"},"content":{"rendered":"<hr \/>\n<h2 style=\"text-align: center;\">XXIII CARRERA URBANA OTO\u00d1O<\/h2>\n<p><img decoding=\"async\" loading=\"lazy\" class=\"aligncenter  wp-image-6098\" src=\"https:\/\/clubdeportivolazubia.com\/wp-content\/uploads\/2023\/09\/Cartel-milla-2023-scaled.jpg\" alt=\"\" width=\"449\" height=\"626\" srcset=\"https:\/\/clubdeportivolazubia.com\/wp-content\/uploads\/2023\/09\/Cartel-milla-2023-scaled.jpg 1838w, https:\/\/clubdeportivolazubia.com\/wp-content\/uploads\/2023\/09\/Cartel-milla-2023-215x300.jpg 215w, https:\/\/clubdeportivolazubia.com\/wp-content\/uploads\/2023\/09\/Cartel-milla-2023-735x1024.jpg 735w, https:\/\/clubdeportivolazubia.com\/wp-content\/uploads\/2023\/09\/Cartel-milla-2023-768x1070.jpg 768w, https:\/\/clubdeportivolazubia.com\/wp-content\/uploads\/2023\/09\/Cartel-milla-2023-1103x1536.jpg 1103w, https:\/\/clubdeportivolazubia.com\/wp-content\/uploads\/2023\/09\/Cartel-milla-2023-1470x2048.jpg 1470w\" sizes=\"(max-width: 449px) 100vw, 449px\" \/><\/p>\n<hr \/>\n<h2 style=\"text-align: center;\">Durante los a\u00f1os 2020 y 2021 no se celebr\u00f3 debido a la Pandemia del Covid-19<\/h2>\n<hr \/>\n<h2 style=\"text-align: center;\">XXI CARRERA URBANA OTO\u00d1O<\/h2>\n<h2><img decoding=\"async\" loading=\"lazy\" class=\"aligncenter wp-image-3571\" src=\"https:\/\/clubdeportivolazubia.com\/wp-content\/uploads\/2018\/10\/cartel-milla-2018.jpg\" alt=\"\" width=\"369\" height=\"261\" srcset=\"https:\/\/clubdeportivolazubia.com\/wp-content\/uploads\/2018\/10\/cartel-milla-2018.jpg 4961w, https:\/\/clubdeportivolazubia.com\/wp-content\/uploads\/2018\/10\/cartel-milla-2018-300x212.jpg 300w, https:\/\/clubdeportivolazubia.com\/wp-content\/uploads\/2018\/10\/cartel-milla-2018-768x543.jpg 768w, https:\/\/clubdeportivolazubia.com\/wp-content\/uploads\/2018\/10\/cartel-milla-2018-1024x724.jpg 1024w\" sizes=\"(max-width: 369px) 100vw, 369px\" \/><\/h2>\n<hr \/>\n<h2 style=\"text-align: center;\">XX CARRERA URBANA OTO\u00d1O<\/h2>\n<p><img decoding=\"async\" loading=\"lazy\" class=\"aligncenter wp-image-2791\" src=\"https:\/\/clubdeportivolazubia.com\/wp-content\/uploads\/2017\/10\/Cartel-milla-2017.jpg\" alt=\"\" width=\"372\" height=\"263\" srcset=\"https:\/\/clubdeportivolazubia.com\/wp-content\/uploads\/2017\/10\/Cartel-milla-2017.jpg 4961w, https:\/\/clubdeportivolazubia.com\/wp-content\/uploads\/2017\/10\/Cartel-milla-2017-300x212.jpg 300w, https:\/\/clubdeportivolazubia.com\/wp-content\/uploads\/2017\/10\/Cartel-milla-2017-768x543.jpg 768w, https:\/\/clubdeportivolazubia.com\/wp-content\/uploads\/2017\/10\/Cartel-milla-2017-1024x724.jpg 1024w\" sizes=\"(max-width: 372px) 100vw, 372px\" \/><\/p>\n<h2><\/h2>\n<hr \/>\n<h2 style=\"text-align: center;\">XIX CARRERA URBANA OTO\u00d1O<\/h2>\n<h2 style=\"text-align: center;\">30 octubre 2016<\/h2>\n<p><img decoding=\"async\" loading=\"lazy\" class=\"aligncenter wp-image-1703\" src=\"https:\/\/clubdeportivolazubia.com\/wp-content\/uploads\/2016\/09\/Cartel-milla-2016...jpg\" alt=\"cartel-milla-2016\" width=\"343\" height=\"243\" srcset=\"https:\/\/clubdeportivolazubia.com\/wp-content\/uploads\/2016\/09\/Cartel-milla-2016...jpg 1360w, https:\/\/clubdeportivolazubia.com\/wp-content\/uploads\/2016\/09\/Cartel-milla-2016..-300x212.jpg 300w, https:\/\/clubdeportivolazubia.com\/wp-content\/uploads\/2016\/09\/Cartel-milla-2016..-768x543.jpg 768w, https:\/\/clubdeportivolazubia.com\/wp-content\/uploads\/2016\/09\/Cartel-milla-2016..-1024x724.jpg 1024w\" sizes=\"(max-width: 343px) 100vw, 343px\" \/><\/p>\n<p style=\"text-align: center;\"><a href=\"http:\/\/www.fedatletismoandaluz.net\/index.php\/component\/jdownloads\/send\/8-granada\/561-xix-carrera-urbana-de-otono-villa-de-la-zubia-la-zubia-30-10-16\">RESULTADOS\u00a0<\/a>\u00a0 \u00a0 \u00a0<a href=\"https:\/\/plus.google.com\/photos\/118020432489536335738\/album\/6347324849232672545?authkey=CNbQxbew3ojWnwE\">FOTOS<\/a><\/p>\n<hr \/>\n<h2 style=\"text-align: center;\">XVIII CARRERA URBANA OTO\u00d1O<\/h2>\n<h2><img decoding=\"async\" loading=\"lazy\" class=\"aligncenter wp-image-332\" src=\"https:\/\/clubdeportivolazubia.com\/wp-content\/uploads\/2016\/01\/Cartel_milla_2015.jpg\" alt=\"\" width=\"376\" height=\"266\" srcset=\"https:\/\/clubdeportivolazubia.com\/wp-content\/uploads\/2016\/01\/Cartel_milla_2015.jpg 1190w, https:\/\/clubdeportivolazubia.com\/wp-content\/uploads\/2016\/01\/Cartel_milla_2015-300x212.jpg 300w, https:\/\/clubdeportivolazubia.com\/wp-content\/uploads\/2016\/01\/Cartel_milla_2015-768x543.jpg 768w, https:\/\/clubdeportivolazubia.com\/wp-content\/uploads\/2016\/01\/Cartel_milla_2015-1024x725.jpg 1024w\" sizes=\"(max-width: 376px) 100vw, 376px\" \/><\/h2>\n<h2 style=\"text-align: center;\">25 octubre 2015<\/h2>\n<p style=\"text-align: center;\">\u00a0 \u00a0<a href=\"http:\/\/faa.fedatletismoandaluz.net\/index.php?option=com_docman&amp;task=doc_download&amp;gid=8391&amp;Itemid=403\">RESULTADOS<\/a> \u00a0 \u00a0 <a href=\"https:\/\/plus.google.com\/photos\/118020432489536335738\/albums\/6209657116718248049\">FOTOS<\/a><\/p>\n<hr \/>\n<h2 style=\"text-align: center;\">XVII CARRERA URBANA OTO\u00d1O<\/h2>\n<h2 style=\"text-align: center;\">26 octubre 2014<\/h2>\n<p style=\"text-align: center;\"><a href=\"https:\/\/clubdeportivolazubia.com\/Fotos%20portada%20pagina\/Fotos%20portada%202014\/Resultados_milla_zubia_corregidos.pdf\">RESULTADOS <\/a>\u00a0\u00a0\u00a0 <a href=\"https:\/\/plus.google.com\/photos\/118020432489536335738\/albums\/6074609668885491409\">FOTOS1<\/a>\u00a0\u00a0 <a href=\"https:\/\/plus.google.com\/photos\/118020432489536335738\/albums\/6075015248320317793\">FOTOS2<\/a>\u00a0\u00a0 <a href=\"https:\/\/picasaweb.google.com\/113509489472553815918\/26Octubre2014CarreraDeOtonoVillaDeLaZubia\">FOTOS3<\/a><\/p>\n<hr \/>\n<h2 style=\"text-align: center;\">XVI CARRERA URBANA OTO\u00d1O<\/h2>\n<h2 style=\"text-align: center;\">27 octubre 2013<\/h2>\n<p style=\"text-align: center;\"><a href=\"http:\/\/www.fedatletismoandaluz.net\/index.php?option=com_docman&amp;task=doc_download&amp;gid=6285&amp;Itemid=403\">RESULTADOS<\/a>\u00a0\u00a0 <a href=\"http:\/\/www.fedatletismoandaluz.net\/index.php?option=com_docman&amp;task=doc_download&amp;gid=6286&amp;Itemid=403\">ABSOLTUTA<\/a>\u00a0 <a href=\"https:\/\/plus.google.com\/photos\/118020432489536335738\/albums\/5939536860838076369\">FOTOS1 <\/a>\u00a0 <a href=\"https:\/\/plus.google.com\/photos\/118020432489536335738\/albums\/5941754018388735681\">FOTOS2<\/a><\/p>\n<hr \/>\n<h2 style=\"text-align: center;\">XV CARRERA URBANA OTO\u00d1O<\/h2>\n<h2 style=\"text-align: center;\">25 noviembre 2012<\/h2>\n<p style=\"text-align: center;\"><a href=\"https:\/\/clubdeportivolazubia.com\/Fotos%20portada%20pagina\/Fotos%20portadas%202012\/resultados_milla_lazubia_2012.pdf\">RESULTADOS<\/a>\u00a0\u00a0 <a href=\"https:\/\/plus.google.com\/photos\/114622292047188660986\/albums\/5815238550511836081?banner=pwa&amp;authkey=CMf-8v-wtaPzOw\">FOTOS<\/a>\u00a0\u00a0 <a href=\"http:\/\/www.youtube.com\/watch?v=ZUVUL_3L8Ls\">VIDEO<\/a><\/p>\n<hr \/>\n<h2 style=\"text-align: center;\">XIV CARRERA URBANA OTO\u00d1O<\/h2>\n<h2 style=\"text-align: center;\">27 noviembre 2011<\/h2>\n<p style=\"text-align: center;\"><a href=\"http:\/\/www.fedatletismoandaluz.net\/index.php?option=com_docman&amp;task=doc_download&amp;gid=4486&amp;Itemid=403\">RESULTADOS<\/a>\u00a0\u00a0 <a href=\"https:\/\/picasaweb.google.com\/106722820431636947435\/MillaUrbanaDeLaZubia27112011?authuser=0&amp;authkey=Gv1sRgCMKu2syrmNfokAE&amp;feat=directlink\">FOTOS<\/a>\u00a0\u00a0 <a href=\"http:\/\/correogaleon.hispavista.com\/Redirect\/www.youtube.com\/user\/EsterFernandezBazan?feature=mhee#p\/u\/0\/oXA38Jd1jW4\">VIDEO<\/a><\/p>\n<hr \/>\n<h2 style=\"text-align: center;\">XIII CARRERA URBANA OTO\u00d1O<\/h2>\n<h2 style=\"text-align: center;\">31 octubre 2010<\/h2>\n<p style=\"text-align: center;\"><a href=\"https:\/\/clubdeportivolazubia.com\/Pagina%20Web%20Club\/paginaclub\/Resultados\/Milla%20La%20Zubia%202010\/Clasificaciones%20Carrera%20Urbana%20Oto%F1o%202010..pdf\">RESULTADOS<\/a>\u00a0\u00a0 <a href=\"http:\/\/picasaweb.google.es\/106722820431636947435\/CarreraUrbanaDeOtonoVillaDeLaZubia2010?authkey=Gv1sRgCMib9J6z6MXt-gE&amp;feat=directlink\">FOTOS<\/a><\/p>\n<hr \/>\n","protected":false},"excerpt":{"rendered":"<p>XXIII CARRERA URBANA OTO\u00d1O Durante los a\u00f1os 2020 y 2021 no se celebr\u00f3 debido a la Pandemia del Covid-19 XXI CARRERA URBANA OTO\u00d1O XX CARRERA URBANA OTO\u00d1O XIX CARRERA URBANA&hellip; <\/p>\n","protected":false},"author":1,"featured_media":0,"parent":0,"menu_order":0,"comment_status":"closed","ping_status":"closed","template":"","meta":{"footnotes":""},"_links":{"self":[{"href":"https:\/\/clubdeportivolazubia.com\/index.php?rest_route=\/wp\/v2\/pages\/185"}],"collection":[{"href":"https:\/\/clubdeportivolazubia.com\/index.php?rest_route=\/wp\/v2\/pages"}],"about":[{"href":"https:\/\/clubdeportivolazubia.com\/index.php?rest_route=\/wp\/v2\/types\/page"}],"author":[{"embeddable":true,"href":"https:\/\/clubdeportivolazubia.com\/index.php?rest_route=\/wp\/v2\/users\/1"}],"replies":[{"embeddable":true,"href":"https:\/\/clubdeportivolazubia.com\/index.php?rest_route=%2Fwp%2Fv2%2Fcomments&post=185"}],"version-history":[{"count":18,"href":"https:\/\/clubdeportivolazubia.com\/index.php?rest_route=\/wp\/v2\/pages\/185\/revisions"}],"predecessor-version":[{"id":6099,"href":"https:\/\/clubdeportivolazubia.com\/index.php?rest_route=\/wp\/v2\/pages\/185\/revisions\/6099"}],"wp:attachment":[{"href":"https:\/\/clubdeportivolazubia.com\/index.php?rest_route=%2Fwp%2Fv2%2Fmedia&parent=185"}],"curies":[{"name":"wp","href":"https:\/\/api.w.org\/{rel}","templated":true}]}}