
{"id":17,"date":"2016-01-12T10:59:48","date_gmt":"2016-01-12T10:59:48","guid":{"rendered":"http:\/\/www.clubdeportivolazubia.es\/?page_id=17"},"modified":"2024-09-16T09:57:02","modified_gmt":"2024-09-16T09:57:02","slug":"atletismo","status":"publish","type":"page","link":"https:\/\/clubdeportivolazubia.com\/?page_id=17","title":{"rendered":"Escuela de Atletismo"},"content":{"rendered":"<h3 class=\"wp-block-heading\">Continua abierto el plazo de inscripciones para la Escuela Municipal de Atletismo de La Zubia para la temporada 2024-2025.<\/h3>\n<h4 class=\"wp-block-heading\"><strong>En nuestra escuela de atletismo se pueden inscribir ni\u00f1os y ni\u00f1as a partir de los 3 a\u00f1os de edad y j\u00f3venes.<\/strong><\/h4>\n<p>Informar que tambi\u00e9n se pueden inscribir las madres y\/o padres en los mismos horarios que sus hijos\/as y a los cuales se les impartir\u00e1 unos entrenamientos espec\u00edficos y adecuados a su condici\u00f3n f\u00edsica.<\/p>\n<h3 class=\"wp-block-heading\"><strong><u>NIVELES, D\u00cdAS Y HORARIOS DE LAS CLASES:<br \/>\n<\/u><\/strong><\/h3>\n<ul>\n<li><strong>Nivel de Iniciaci\u00f3n y Nivel Medio.<\/strong><\/li>\n<\/ul>\n<p>Lugar: Pista de atletismo del Complejo Deportivo Municipal Los Hoyos de La Zubia.<\/p>\n<p><strong>D\u00edas y horario:<\/strong><\/p>\n<p>Lunes, Mi\u00e9rcoles y Viernes, de 17:00 a 18:00 horas.<\/p>\n<ul>\n<li><strong>Nivel de Perfeccionamiento.<\/strong><\/li>\n<\/ul>\n<p>De Lunes a Viernes, en horario de tarde\u00a0 en\u00a0 la\u00a0 Pista de atletismo del Complejo Deportivo Municipal Los Hoyos y\/o Circuito Natural Vega de La Zubia.<\/p>\n<h3 class=\"wp-block-heading\">INSCRIPCIONES<\/h3>\n<p>Las inscripciones se realizar\u00e1n a partir del 16 de septiembre en la pista de atletismo a trav\u00e9s de los\/as monitores\/as en horario de las clases rellenando el formulario oficial de inscripci\u00f3n.<\/p>\n<p>Las plazas son limitadas y se adjudicar\u00e1n por orden de inscripci\u00f3n.<\/p>\n<h4 class=\"wp-block-heading\"><strong>CUOTAS<\/strong><\/h4>\n<p>Matr\u00edcula: 30,00 euros (solo para alumnos\/as que no estuvieron la temporada anterior en la escuela).<\/p>\n<p>Cuota anual: 95,00 euros. (75 euros a partir del segundo hermano\/a).<\/p>\n<p>Para aquellos\/as atletas que quieran tener licencia federativa para participar en controles y\/o competiciones oficiales de la federaci\u00f3n andaluza y\/o nacional de atletismo y\/o adquirir material oficial del club, deber\u00e1n de comunic\u00e1rnoslo y\u00a0 abonar las cantidades que correspondan.<\/p>\n<p style=\"text-align: left;\"><strong>Para m\u00e1s informaci\u00f3n :<\/strong> \u00c1rea de Deportes del Ayuntamiento de La Zubia o llamando a los tel\u00e9fonos 653 251 195\u00a0 \u2013\u00a0 637 453 442\u00a0 y a partir del 16 de septiembre en la pista de atletismo del Complejo Deportivo Municipal Los Hoyos en horario de clase a trav\u00e9s de los\/as monitores\/as de atletismo.<\/p>\n<p>Tal y como venimos haciendo todos los a\u00f1os, se les dar\u00e1 un plazo de una semana a todos los\/as alumnos\/as para que prueben la actividad y decidan si quieren continuar o no.<\/p>\n<hr \/>\n<p style=\"text-align: justify;\">\n","protected":false},"excerpt":{"rendered":"<p>Continua abierto el plazo de inscripciones para la Escuela Municipal de Atletismo de La Zubia para la temporada 2024-2025. En nuestra escuela de atletismo se pueden inscribir ni\u00f1os y ni\u00f1as&hellip; <\/p>\n","protected":false},"author":1,"featured_media":0,"parent":0,"menu_order":0,"comment_status":"closed","ping_status":"closed","template":"","meta":{"footnotes":""},"_links":{"self":[{"href":"https:\/\/clubdeportivolazubia.com\/index.php?rest_route=\/wp\/v2\/pages\/17"}],"collection":[{"href":"https:\/\/clubdeportivolazubia.com\/index.php?rest_route=\/wp\/v2\/pages"}],"about":[{"href":"https:\/\/clubdeportivolazubia.com\/index.php?rest_route=\/wp\/v2\/types\/page"}],"author":[{"embeddable":true,"href":"https:\/\/clubdeportivolazubia.com\/index.php?rest_route=\/wp\/v2\/users\/1"}],"replies":[{"embeddable":true,"href":"https:\/\/clubdeportivolazubia.com\/index.php?rest_route=%2Fwp%2Fv2%2Fcomments&post=17"}],"version-history":[{"count":44,"href":"https:\/\/clubdeportivolazubia.com\/index.php?rest_route=\/wp\/v2\/pages\/17\/revisions"}],"predecessor-version":[{"id":6733,"href":"https:\/\/clubdeportivolazubia.com\/index.php?rest_route=\/wp\/v2\/pages\/17\/revisions\/6733"}],"wp:attachment":[{"href":"https:\/\/clubdeportivolazubia.com\/index.php?rest_route=%2Fwp%2Fv2%2Fmedia&parent=17"}],"curies":[{"name":"wp","href":"https:\/\/api.w.org\/{rel}","templated":true}]}}